{"id":20,"date":"2023-05-02T14:59:31","date_gmt":"2023-05-02T17:59:31","guid":{"rendered":"https:\/\/www.resolquimica.com.br\/blog\/?page_id=20"},"modified":"2025-10-31T16:08:04","modified_gmt":"2025-10-31T19:08:04","slug":"home","status":"publish","type":"page","link":"https:\/\/www.resolquimica.com.br\/blog\/","title":{"rendered":"Home"},"content":{"rendered":"\n<h1>\n\t\tBlog Resol\n\t<\/h1>\n\t<p>Qualidade e sustentabilidade para a ind\u00fastria<\/p>\n\t\t\t<a href=\"https:\/\/www.resolquimica.com.br\/blog\/solventes\/\" target=\"_self\" role=\"button\">\n\t\t\t\t\t\t\tSolventes\n\t\t\t\t\t<\/a>\n\t\t\t<a href=\"https:\/\/www.resolquimica.com.br\/blog\/metais\/\" target=\"_self\" role=\"button\">\n\t\t\t\t\t\t\tMetais\n\t\t\t\t\t<\/a>\n\t\t\t<a href=\"https:\/\/www.resolquimica.com.br\/blog\/tintas\/\" target=\"_self\" role=\"button\">\n\t\t\t\t\t\t\tTintas\n\t\t\t\t\t<\/a>\n\t\t\t<a href=\"https:\/\/www.resolquimica.com.br\/blog\/residuos\/\" target=\"_self\" role=\"button\">\n\t\t\t\t\t\t\tRes\u00edduos\n\t\t\t\t\t<\/a>\n\t\t\t<a href=\"https:\/\/www.resolquimica.com.br\/blog\/reciclagem\/\" target=\"_self\" role=\"button\">\n\t\t\t\t\t\t\tReciclagem\n\t\t\t\t\t<\/a>\n\t\t\t<a href=\"https:\/\/www.resolquimica.com.br\/blog\/destaques\/\" target=\"_self\" role=\"button\">\n\t\t\t\t\t\t\tDestaques\n\t\t\t\t\t<\/a>\n<h3>\n\t\tTodas as publica\u00e7\u00f5es\n\t<\/h3>\n\t<h3>Deseja receber not\u00edcias e novidades em primeira m\u00e3o?<\/h3>\n\n","protected":false},"excerpt":{"rendered":"<p>Blog Resol Qualidade e sustentabilidade para a ind\u00fastria Solventes Metais Tintas Res\u00edduos Reciclagem Destaques Todas as publica\u00e7\u00f5es Deseja receber not\u00edcias e novidades em primeira m\u00e3o?<\/p>\n","protected":false},"author":1,"featured_media":0,"parent":0,"menu_order":0,"comment_status":"closed","ping_status":"closed","template":"","meta":{"_kad_post_transparent":"","_kad_post_title":"","_kad_post_layout":"","_kad_post_sidebar_id":"","_kad_post_content_style":"","_kad_post_vertical_padding":"","_kad_post_feature":"","_kad_post_feature_position":"","_kad_post_header":false,"_kad_post_footer":false,"footnotes":""},"class_list":["post-20","page","type-page","status-publish","hentry"],"_links":{"self":[{"href":"https:\/\/www.resolquimica.com.br\/blog\/wp-json\/wp\/v2\/pages\/20","targetHints":{"allow":["GET"]}}],"collection":[{"href":"https:\/\/www.resolquimica.com.br\/blog\/wp-json\/wp\/v2\/pages"}],"about":[{"href":"https:\/\/www.resolquimica.com.br\/blog\/wp-json\/wp\/v2\/types\/page"}],"author":[{"embeddable":true,"href":"https:\/\/www.resolquimica.com.br\/blog\/wp-json\/wp\/v2\/users\/1"}],"replies":[{"embeddable":true,"href":"https:\/\/www.resolquimica.com.br\/blog\/wp-json\/wp\/v2\/comments?post=20"}],"version-history":[{"count":45,"href":"https:\/\/www.resolquimica.com.br\/blog\/wp-json\/wp\/v2\/pages\/20\/revisions"}],"predecessor-version":[{"id":438,"href":"https:\/\/www.resolquimica.com.br\/blog\/wp-json\/wp\/v2\/pages\/20\/revisions\/438"}],"wp:attachment":[{"href":"https:\/\/www.resolquimica.com.br\/blog\/wp-json\/wp\/v2\/media?parent=20"}],"curies":[{"name":"wp","href":"https:\/\/api.w.org\/{rel}","templated":true}]}}